{"id":3418,"date":"2025-07-25T18:04:18","date_gmt":"2025-07-25T16:04:18","guid":{"rendered":"https:\/\/preither-garde.de\/?page_id=3418"},"modified":"2025-07-25T18:08:34","modified_gmt":"2025-07-25T16:08:34","slug":"geschichte-2","status":"publish","type":"page","link":"https:\/\/preither-garde.de\/?page_id=3418","title":{"rendered":"Geschichte"},"content":{"rendered":"\n<h3 class=\"wp-block-heading\"><br>Wie alles begann&#8230;<\/h3>\n\n\n\n<p>Der Grundstein f\u00fcr die Preither Garde wurde bereits 1983 gelegt, als es den &#8222;Preither H\u00fcttenleuten&#8220; &#8211; einer Gruppe junger M\u00e4nner und Frauen &#8211; in den Sinn kam, eine Tanzeinlage in der Ortschaft darzubieten. Diese organisierten damals auch das bis heute traditionelle &#8222;Ramba-Zamba&#8220; am Dorfplatz, bei dem das Dorfgeschehen einiger Mitbewohner in Sketchen auf die Schippe genommen wird. Extra f\u00fcr diesen einen Tag taten sich einige &#8222;H\u00fcttendamen&#8220; zusammen und bereiteten diese Tanzeinlage vor.<\/p>\n\n\n\n<p>Die offizielle Gr\u00fcndung der Preither-Garde-M\u00e4dels (PGM) erfolgte dann 1984 unter der Leitung von Karin Heidrich und Petra Nieberler. Die Jahre darauf herrschte dann aber leider wieder Funkstille in Bezug auf das Formationstanzen. Erst als 1989 der Vorstand der Freiwilligen Feuerwehr Preith auf eine Tanzeinlage am hiesigen Feuerwehrball dr\u00e4ngte, f\u00fcgte sich erneut eine Gruppe tanzbegeisterter M\u00e4dels unter dem Gruppennamen PGM zusammen.<\/p>\n\n\n\n<p>Im Jahr 1991 wurde wegen des Golfkrieges auf ein Auftreten der PGM verzichtet. 1995 zog sich Karin Heidrich aus dem trainerischen Bereich zur\u00fcck und k\u00fcmmerte sich nun ausschlie\u00dflich um die organisatorischen Abl\u00e4ufe. An ihre Stelle als Trainerin trat Brigitte Gubesch, die zusammen mit Petra Nieberler die Preither Garde bis 1996 leitete. Da sich anschlie\u00dfend leider kein Trainer f\u00fcr die Gruppe fand, f\u00fchrte dies 1997 zu einer Zwangspause f\u00fcr die PGM.<\/p>\n\n\n\n<p>Ab 1998 \u00fcbernahmen Doris Bauer und Sandra Enhuber die gesamte Trainer- und Organisationsleitung. 1999 trainierte Sandra Enhuber die Garde alleine. In der Saison 2002 leiteten anstatt der bisherigen Trainerin nun Alexandra Lang und Gabriele Pfaller, beide ehemalige T\u00e4nzerinnen, die Geschicke der Garde. Das Jahr darauf belegte Michaela K\u00f6nig zusammen mit Gabriele Pfaller das Traineramt. Gabriele Pfaller war dann 2004 und 2005 alleinige Trainerin der Preither Garde. In den Jahren 2006 bis 2008 wurde sie nun wieder von Alexandra Lang unterst\u00fctzt. In der Saison 2009 leitete Gabriele Pfaller als Trainerin mit einem Choreographenteam die Garde.<\/p>\n\n\n\n<p>Zum zehnj\u00e4hrigen Jubil\u00e4um der Preither-Garde-M\u00e4dels wurde 1999 erstmals ein Er\u00f6ffnungsball veranstaltet, wobei auch die Garden aus Dollnstein und M\u00f6rnsheim zu Gast waren und ihr K\u00f6nnen dem Publikum zeigten. Hierzu entstand auch der erste Elferrat, der die Preither-Garde-M\u00e4dels nicht nur bei ihren Auftritten unterst\u00fctzte. Die Gruppe wurde noch durch ein witziges &#8222;Prinzenpaar&#8220; komplettiert, welches aus zwei Burschen des Elferrats bestand, die einen fetzigen Mambo nach Dirty-Dancing-Art aufs Parkett legten.<\/p>\n\n\n\n<p>In der 11. Saison im Jahr 2000 gesellten sich zu den T\u00e4nzerinnen erstmals vier T\u00e4nzer und aus den Preither-Garde-M\u00e4dels wurde nun die Preither Garde. Der &#8222;Schlachtruf&#8220; PGM allerdings, der sich in den vergangenen Jahren immer mehr zum Markenzeichen entwickelt hatte, blieb bestehen.<\/p>\n","protected":false},"excerpt":{"rendered":"<p>Wie alles begann&#8230; Der Grundstein f\u00fcr die Preither Garde wurde bereits 1983 gelegt, als es den &#8222;Preither H\u00fcttenleuten&#8220; &#8211; einer Gruppe junger M\u00e4nner und Frauen &#8211; in den Sinn kam, &#8230;<\/p>\n","protected":false},"author":4,"featured_media":0,"parent":0,"menu_order":0,"comment_status":"closed","ping_status":"closed","template":"","meta":{"ngg_post_thumbnail":0,"jetpack_post_was_ever_published":false,"footnotes":""},"class_list":["post-3418","page","type-page","status-publish","hentry"],"jetpack_sharing_enabled":true,"jetpack_shortlink":"https:\/\/wp.me\/P7LSHa-T8","jetpack_likes_enabled":true,"jetpack-related-posts":[],"_links":{"self":[{"href":"https:\/\/preither-garde.de\/index.php?rest_route=\/wp\/v2\/pages\/3418","targetHints":{"allow":["GET"]}}],"collection":[{"href":"https:\/\/preither-garde.de\/index.php?rest_route=\/wp\/v2\/pages"}],"about":[{"href":"https:\/\/preither-garde.de\/index.php?rest_route=\/wp\/v2\/types\/page"}],"author":[{"embeddable":true,"href":"https:\/\/preither-garde.de\/index.php?rest_route=\/wp\/v2\/users\/4"}],"replies":[{"embeddable":true,"href":"https:\/\/preither-garde.de\/index.php?rest_route=%2Fwp%2Fv2%2Fcomments&post=3418"}],"version-history":[{"count":2,"href":"https:\/\/preither-garde.de\/index.php?rest_route=\/wp\/v2\/pages\/3418\/revisions"}],"predecessor-version":[{"id":3423,"href":"https:\/\/preither-garde.de\/index.php?rest_route=\/wp\/v2\/pages\/3418\/revisions\/3423"}],"wp:attachment":[{"href":"https:\/\/preither-garde.de\/index.php?rest_route=%2Fwp%2Fv2%2Fmedia&parent=3418"}],"curies":[{"name":"wp","href":"https:\/\/api.w.org\/{rel}","templated":true}]}}