{"id":191,"date":"2013-11-09T11:24:28","date_gmt":"2013-11-09T10:24:28","guid":{"rendered":"http:\/\/preither-garde.de\/?page_id=191"},"modified":"2013-11-09T12:45:37","modified_gmt":"2013-11-09T11:45:37","slug":"2008-2","status":"publish","type":"page","link":"https:\/\/preither-garde.de\/?page_id=191","title":{"rendered":"2008"},"content":{"rendered":"<h3 style=\"text-align: center;\"><strong>19. Saison<\/strong><\/h3>\n<h3 style=\"text-align: center;\"><\/h3>\n<h3 style=\"text-align: center;\"><em><span style=\"text-decoration: underline;\">Trainerinnen:<\/span><\/em><\/h3>\n<h3 style=\"text-align: center;\">Lang Alex, Pfaller Gabi<\/h3>\n<h3 style=\"text-align: center;\"><\/h3>\n<h3 style=\"text-align: center;\"><em><span style=\"text-decoration: underline;\">T\u00e4nzerinnen\/T\u00e4nzer:<\/span><\/em><\/h3>\n<h3 style=\"text-align: center;\">Albrecht Norbert<\/h3>\n<h3 style=\"text-align: center;\">Egner Dominik<\/h3>\n<h3 style=\"text-align: center;\">Findeis Daniela<\/h3>\n<h3 style=\"text-align: center;\">Fischl Tobias<\/h3>\n<h3 style=\"text-align: center;\">H\u00e4ring Steffi<\/h3>\n<h3 style=\"text-align: center;\">Karl Gabriel<\/h3>\n<h3 style=\"text-align: center;\">Klauer Elena<\/h3>\n<h3 style=\"text-align: center;\">K\u00f6nig Nicole<\/h3>\n<h3 style=\"text-align: center;\">Nieberler Steffi<\/h3>\n<h3 style=\"text-align: center;\">Pfaller Andrea<\/h3>\n<h3 style=\"text-align: center;\">Pfaller Robert<\/h3>\n<h3 style=\"text-align: center;\" align=\"center\">Pfaller Sandra<\/h3>\n<h3 style=\"text-align: center;\">Rudingsdorfer Ramona<\/h3>\n<h3 style=\"text-align: center;\">Schmid Angi<\/h3>\n<h3 style=\"text-align: center;\">Schneider Anna<\/h3>\n<h3 style=\"text-align: center;\"><\/h3>\n<h3 style=\"text-align: center;\"><img data-recalc-dims=\"1\" loading=\"lazy\" decoding=\"async\" data-attachment-id=\"139\" data-permalink=\"https:\/\/preither-garde.de\/?attachment_id=139\" data-orig-file=\"https:\/\/i0.wp.com\/preither-garde.de\/wp-content\/uploads\/2013\/11\/K800_2008-01.jpg?fit=800%2C600&amp;ssl=1\" data-orig-size=\"800,600\" data-comments-opened=\"1\" data-image-meta=\"{&quot;aperture&quot;:&quot;2.8&quot;,&quot;credit&quot;:&quot;&quot;,&quot;camera&quot;:&quot;Canon DIGITAL IXUS 40&quot;,&quot;caption&quot;:&quot;&quot;,&quot;created_timestamp&quot;:&quot;1201344775&quot;,&quot;copyright&quot;:&quot;&quot;,&quot;focal_length&quot;:&quot;5.8&quot;,&quot;iso&quot;:&quot;0&quot;,&quot;shutter_speed&quot;:&quot;0.0166666666667&quot;,&quot;title&quot;:&quot;&quot;}\" data-image-title=\"K800_2008 01\" data-image-description=\"\" data-image-caption=\"\" data-large-file=\"https:\/\/i0.wp.com\/preither-garde.de\/wp-content\/uploads\/2013\/11\/K800_2008-01.jpg?fit=800%2C600&amp;ssl=1\" class=\"aligncenter size-full wp-image-139\" alt=\"\" src=\"https:\/\/i0.wp.com\/preither-garde.de\/wp-content\/uploads\/2013\/11\/K800_2008-01.jpg?resize=509%2C381&#038;ssl=1\" width=\"509\" height=\"381\" srcset=\"https:\/\/i0.wp.com\/preither-garde.de\/wp-content\/uploads\/2013\/11\/K800_2008-01.jpg?w=800&amp;ssl=1 800w, https:\/\/i0.wp.com\/preither-garde.de\/wp-content\/uploads\/2013\/11\/K800_2008-01.jpg?resize=300%2C225&amp;ssl=1 300w\" sizes=\"auto, (max-width: 509px) 100vw, 509px\" \/><\/h3>\n<h3 style=\"text-align: center;\"><img data-recalc-dims=\"1\" loading=\"lazy\" decoding=\"async\" data-attachment-id=\"140\" data-permalink=\"https:\/\/preither-garde.de\/?attachment_id=140\" data-orig-file=\"https:\/\/i0.wp.com\/preither-garde.de\/wp-content\/uploads\/2013\/11\/K800_2008-02.jpg?fit=800%2C600&amp;ssl=1\" data-orig-size=\"800,600\" data-comments-opened=\"1\" data-image-meta=\"{&quot;aperture&quot;:&quot;2.8&quot;,&quot;credit&quot;:&quot;&quot;,&quot;camera&quot;:&quot;Canon DIGITAL IXUS 400&quot;,&quot;caption&quot;:&quot;&quot;,&quot;created_timestamp&quot;:&quot;1201824919&quot;,&quot;copyright&quot;:&quot;&quot;,&quot;focal_length&quot;:&quot;7.40625&quot;,&quot;iso&quot;:&quot;0&quot;,&quot;shutter_speed&quot;:&quot;0.0166666666667&quot;,&quot;title&quot;:&quot;&quot;}\" data-image-title=\"K800_2008 02\" data-image-description=\"\" data-image-caption=\"\" data-large-file=\"https:\/\/i0.wp.com\/preither-garde.de\/wp-content\/uploads\/2013\/11\/K800_2008-02.jpg?fit=800%2C600&amp;ssl=1\" class=\"aligncenter size-full wp-image-140\" alt=\"\" src=\"https:\/\/i0.wp.com\/preither-garde.de\/wp-content\/uploads\/2013\/11\/K800_2008-02.jpg?resize=512%2C384&#038;ssl=1\" width=\"512\" height=\"384\" srcset=\"https:\/\/i0.wp.com\/preither-garde.de\/wp-content\/uploads\/2013\/11\/K800_2008-02.jpg?w=800&amp;ssl=1 800w, https:\/\/i0.wp.com\/preither-garde.de\/wp-content\/uploads\/2013\/11\/K800_2008-02.jpg?resize=300%2C225&amp;ssl=1 300w\" sizes=\"auto, (max-width: 512px) 100vw, 512px\" \/><\/h3>\n","protected":false},"excerpt":{"rendered":"<p>19. Saison Trainerinnen: Lang Alex, Pfaller Gabi T\u00e4nzerinnen\/T\u00e4nzer: Albrecht Norbert Egner Dominik Findeis Daniela Fischl Tobias H\u00e4ring Steffi Karl Gabriel Klauer Elena K\u00f6nig Nicole Nieberler Steffi Pfaller Andrea Pfaller Robert &#8230;<\/p>\n","protected":false},"author":1,"featured_media":0,"parent":0,"menu_order":0,"comment_status":"closed","ping_status":"closed","template":"","meta":{"ngg_post_thumbnail":0,"footnotes":""},"class_list":["post-191","page","type-page","status-publish","hentry"],"jetpack_sharing_enabled":true,"jetpack_shortlink":"https:\/\/wp.me\/P7LSHa-35","jetpack_likes_enabled":true,"jetpack-related-posts":[],"_links":{"self":[{"href":"https:\/\/preither-garde.de\/index.php?rest_route=\/wp\/v2\/pages\/191","targetHints":{"allow":["GET"]}}],"collection":[{"href":"https:\/\/preither-garde.de\/index.php?rest_route=\/wp\/v2\/pages"}],"about":[{"href":"https:\/\/preither-garde.de\/index.php?rest_route=\/wp\/v2\/types\/page"}],"author":[{"embeddable":true,"href":"https:\/\/preither-garde.de\/index.php?rest_route=\/wp\/v2\/users\/1"}],"replies":[{"embeddable":true,"href":"https:\/\/preither-garde.de\/index.php?rest_route=%2Fwp%2Fv2%2Fcomments&post=191"}],"version-history":[{"count":4,"href":"https:\/\/preither-garde.de\/index.php?rest_route=\/wp\/v2\/pages\/191\/revisions"}],"predecessor-version":[{"id":265,"href":"https:\/\/preither-garde.de\/index.php?rest_route=\/wp\/v2\/pages\/191\/revisions\/265"}],"wp:attachment":[{"href":"https:\/\/preither-garde.de\/index.php?rest_route=%2Fwp%2Fv2%2Fmedia&parent=191"}],"curies":[{"name":"wp","href":"https:\/\/api.w.org\/{rel}","templated":true}]}}