{"id":174,"date":"2013-11-09T11:23:09","date_gmt":"2013-11-09T10:23:09","guid":{"rendered":"http:\/\/preither-garde.de\/?page_id=174"},"modified":"2013-11-09T12:23:25","modified_gmt":"2013-11-09T11:23:25","slug":"2001-2","status":"publish","type":"page","link":"https:\/\/preither-garde.de\/?page_id=174","title":{"rendered":"2001"},"content":{"rendered":"<h3 align=\"center\"><strong>12. Saison<\/strong><\/h3>\n<h3 align=\"center\"><\/h3>\n<h3 align=\"center\"><em><span style=\"text-decoration: underline;\">Trainerin:<\/span><\/em><\/h3>\n<h3 align=\"center\">Enhuber Sandra<\/h3>\n<h3 align=\"center\"><\/h3>\n<h3 align=\"center\"><em><span style=\"text-decoration: underline;\">T\u00e4nzerinnen\/T\u00e4nzer:<\/span><\/em><\/h3>\n<h3 align=\"center\">Bauch Josef<\/h3>\n<h3 align=\"center\">Bauer Eva<\/h3>\n<h3 align=\"center\">K\u00f6nig Claudia<\/h3>\n<h3 align=\"center\">K\u00f6nig Michaela<\/h3>\n<h3 align=\"center\">Lang Alex<\/h3>\n<h3 align=\"center\">Neubauer Michael<\/h3>\n<h3 align=\"center\">Neubauer Sabine<\/h3>\n<h3 align=\"center\">Pfaller Gabi<\/h3>\n<h3 align=\"center\">Pfaller Thomas<\/h3>\n<h3 align=\"center\">Schmid Roland<\/h3>\n<h3 align=\"center\">Winkler Manuela<\/h3>\n<p>&nbsp;<\/p>\n<p style=\"text-align: center;\"><img data-recalc-dims=\"1\" loading=\"lazy\" decoding=\"async\" data-attachment-id=\"125\" data-permalink=\"https:\/\/preither-garde.de\/?attachment_id=125\" data-orig-file=\"https:\/\/i0.wp.com\/preither-garde.de\/wp-content\/uploads\/2013\/11\/K800_2001-01.jpg?fit=874%2C600&amp;ssl=1\" data-orig-size=\"874,600\" data-comments-opened=\"1\" data-image-meta=\"{&quot;aperture&quot;:&quot;0&quot;,&quot;credit&quot;:&quot;&quot;,&quot;camera&quot;:&quot;&quot;,&quot;caption&quot;:&quot;&quot;,&quot;created_timestamp&quot;:&quot;0&quot;,&quot;copyright&quot;:&quot;&quot;,&quot;focal_length&quot;:&quot;0&quot;,&quot;iso&quot;:&quot;0&quot;,&quot;shutter_speed&quot;:&quot;0&quot;,&quot;title&quot;:&quot;&quot;}\" data-image-title=\"K800_2001 01\" data-image-description=\"\" data-image-caption=\"\" data-large-file=\"https:\/\/i0.wp.com\/preither-garde.de\/wp-content\/uploads\/2013\/11\/K800_2001-01.jpg?fit=800%2C549&amp;ssl=1\" class=\"aligncenter size-full wp-image-125\" alt=\"\" src=\"https:\/\/i0.wp.com\/preither-garde.de\/wp-content\/uploads\/2013\/11\/K800_2001-01.jpg?resize=621%2C426&#038;ssl=1\" width=\"621\" height=\"426\" srcset=\"https:\/\/i0.wp.com\/preither-garde.de\/wp-content\/uploads\/2013\/11\/K800_2001-01.jpg?w=874&amp;ssl=1 874w, https:\/\/i0.wp.com\/preither-garde.de\/wp-content\/uploads\/2013\/11\/K800_2001-01.jpg?resize=300%2C205&amp;ssl=1 300w\" sizes=\"auto, (max-width: 621px) 100vw, 621px\" \/><\/p>\n<p style=\"text-align: center;\"><img data-recalc-dims=\"1\" loading=\"lazy\" decoding=\"async\" data-attachment-id=\"126\" data-permalink=\"https:\/\/preither-garde.de\/?attachment_id=126\" data-orig-file=\"https:\/\/i0.wp.com\/preither-garde.de\/wp-content\/uploads\/2013\/11\/K800_2001-02.jpg?fit=945%2C600&amp;ssl=1\" data-orig-size=\"945,600\" data-comments-opened=\"1\" data-image-meta=\"{&quot;aperture&quot;:&quot;0&quot;,&quot;credit&quot;:&quot;&quot;,&quot;camera&quot;:&quot;&quot;,&quot;caption&quot;:&quot;&quot;,&quot;created_timestamp&quot;:&quot;0&quot;,&quot;copyright&quot;:&quot;&quot;,&quot;focal_length&quot;:&quot;0&quot;,&quot;iso&quot;:&quot;0&quot;,&quot;shutter_speed&quot;:&quot;0&quot;,&quot;title&quot;:&quot;&quot;}\" data-image-title=\"K800_2001 02\" data-image-description=\"\" data-image-caption=\"\" data-large-file=\"https:\/\/i0.wp.com\/preither-garde.de\/wp-content\/uploads\/2013\/11\/K800_2001-02.jpg?fit=800%2C508&amp;ssl=1\" class=\"aligncenter size-full wp-image-126\" alt=\"\" src=\"https:\/\/i0.wp.com\/preither-garde.de\/wp-content\/uploads\/2013\/11\/K800_2001-02.jpg?resize=620%2C391&#038;ssl=1\" width=\"620\" height=\"391\" \/><\/p>\n","protected":false},"excerpt":{"rendered":"<p>12. Saison Trainerin: Enhuber Sandra T\u00e4nzerinnen\/T\u00e4nzer: Bauch Josef Bauer Eva K\u00f6nig Claudia K\u00f6nig Michaela Lang Alex Neubauer Michael Neubauer Sabine Pfaller Gabi Pfaller Thomas Schmid Roland Winkler Manuela &nbsp;<\/p>\n","protected":false},"author":1,"featured_media":0,"parent":0,"menu_order":0,"comment_status":"closed","ping_status":"closed","template":"","meta":{"ngg_post_thumbnail":0,"footnotes":""},"class_list":["post-174","page","type-page","status-publish","hentry"],"jetpack_sharing_enabled":true,"jetpack_shortlink":"https:\/\/wp.me\/P7LSHa-2O","jetpack_likes_enabled":true,"jetpack-related-posts":[],"_links":{"self":[{"href":"https:\/\/preither-garde.de\/index.php?rest_route=\/wp\/v2\/pages\/174","targetHints":{"allow":["GET"]}}],"collection":[{"href":"https:\/\/preither-garde.de\/index.php?rest_route=\/wp\/v2\/pages"}],"about":[{"href":"https:\/\/preither-garde.de\/index.php?rest_route=\/wp\/v2\/types\/page"}],"author":[{"embeddable":true,"href":"https:\/\/preither-garde.de\/index.php?rest_route=\/wp\/v2\/users\/1"}],"replies":[{"embeddable":true,"href":"https:\/\/preither-garde.de\/index.php?rest_route=%2Fwp%2Fv2%2Fcomments&post=174"}],"version-history":[{"count":3,"href":"https:\/\/preither-garde.de\/index.php?rest_route=\/wp\/v2\/pages\/174\/revisions"}],"predecessor-version":[{"id":242,"href":"https:\/\/preither-garde.de\/index.php?rest_route=\/wp\/v2\/pages\/174\/revisions\/242"}],"wp:attachment":[{"href":"https:\/\/preither-garde.de\/index.php?rest_route=%2Fwp%2Fv2%2Fmedia&parent=174"}],"curies":[{"name":"wp","href":"https:\/\/api.w.org\/{rel}","templated":true}]}}