{"id":172,"date":"2013-11-09T11:22:21","date_gmt":"2013-11-09T10:22:21","guid":{"rendered":"http:\/\/preither-garde.de\/?page_id=172"},"modified":"2013-11-09T12:15:23","modified_gmt":"2013-11-09T11:15:23","slug":"1999-2","status":"publish","type":"page","link":"https:\/\/preither-garde.de\/?page_id=172","title":{"rendered":"1999"},"content":{"rendered":"<h3 style=\"text-align: center;\" align=\"center\"><strong>10. Saison<\/strong><\/h3>\n<h3 style=\"text-align: center;\" align=\"center\"><\/h3>\n<h3 style=\"text-align: center;\" align=\"center\"><em><span style=\"text-decoration: underline;\">Trainerin:<\/span><\/em><\/h3>\n<h3 style=\"text-align: center;\" align=\"center\">Enhuber Sandra<\/h3>\n<h3 style=\"text-align: center;\" align=\"center\"><\/h3>\n<h3 style=\"text-align: center;\" align=\"center\"><em><span style=\"text-decoration: underline;\">T\u00e4nzerinnen:<\/span><\/em><\/h3>\n<h3 style=\"text-align: center;\" align=\"center\">Bartylla Kerstin<\/h3>\n<h3 style=\"text-align: center;\" align=\"center\">Bauer Eva<\/h3>\n<h3 style=\"text-align: center;\" align=\"center\">B\u00f6hm Ingrid<\/h3>\n<h3 style=\"text-align: center;\" align=\"center\">Fr\u00fchauf Christine<\/h3>\n<h3 style=\"text-align: center;\" align=\"center\">K\u00f6nig Claudia<\/h3>\n<h3 style=\"text-align: center;\" align=\"center\">K\u00f6nig Michaela<\/h3>\n<h3 style=\"text-align: center;\" align=\"center\">Lang Alex<\/h3>\n<h3 style=\"text-align: center;\" align=\"center\">Pfaller Gabi<\/h3>\n<h3 style=\"text-align: center;\" align=\"center\">Winkler Manuela<\/h3>\n<p>&nbsp;<\/p>\n<p style=\"text-align: center;\"><img data-recalc-dims=\"1\" loading=\"lazy\" decoding=\"async\" data-attachment-id=\"121\" data-permalink=\"https:\/\/preither-garde.de\/?attachment_id=121\" data-orig-file=\"https:\/\/i0.wp.com\/preither-garde.de\/wp-content\/uploads\/2013\/11\/K800_1999-01.jpg?fit=838%2C600&amp;ssl=1\" data-orig-size=\"838,600\" data-comments-opened=\"1\" data-image-meta=\"{&quot;aperture&quot;:&quot;0&quot;,&quot;credit&quot;:&quot;&quot;,&quot;camera&quot;:&quot;&quot;,&quot;caption&quot;:&quot;&quot;,&quot;created_timestamp&quot;:&quot;0&quot;,&quot;copyright&quot;:&quot;&quot;,&quot;focal_length&quot;:&quot;0&quot;,&quot;iso&quot;:&quot;0&quot;,&quot;shutter_speed&quot;:&quot;0&quot;,&quot;title&quot;:&quot;&quot;}\" data-image-title=\"\" data-image-description=\"\" data-image-caption=\"\" data-large-file=\"https:\/\/i0.wp.com\/preither-garde.de\/wp-content\/uploads\/2013\/11\/K800_1999-01.jpg?fit=800%2C573&amp;ssl=1\" class=\"aligncenter size-full wp-image-121\" alt=\"\" src=\"https:\/\/i0.wp.com\/preither-garde.de\/wp-content\/uploads\/2013\/11\/K800_1999-01.jpg?resize=542%2C386&#038;ssl=1\" width=\"542\" height=\"386\" \/><\/p>\n<p style=\"text-align: center;\"><img data-recalc-dims=\"1\" loading=\"lazy\" decoding=\"async\" data-attachment-id=\"122\" data-permalink=\"https:\/\/preither-garde.de\/?attachment_id=122\" data-orig-file=\"https:\/\/i0.wp.com\/preither-garde.de\/wp-content\/uploads\/2013\/11\/K800_1999-02.jpg?fit=860%2C600&amp;ssl=1\" data-orig-size=\"860,600\" data-comments-opened=\"1\" data-image-meta=\"{&quot;aperture&quot;:&quot;0&quot;,&quot;credit&quot;:&quot;&quot;,&quot;camera&quot;:&quot;&quot;,&quot;caption&quot;:&quot;&quot;,&quot;created_timestamp&quot;:&quot;0&quot;,&quot;copyright&quot;:&quot;&quot;,&quot;focal_length&quot;:&quot;0&quot;,&quot;iso&quot;:&quot;0&quot;,&quot;shutter_speed&quot;:&quot;0&quot;,&quot;title&quot;:&quot;&quot;}\" data-image-title=\"\" data-image-description=\"\" data-image-caption=\"\" data-large-file=\"https:\/\/i0.wp.com\/preither-garde.de\/wp-content\/uploads\/2013\/11\/K800_1999-02.jpg?fit=800%2C558&amp;ssl=1\" class=\"aligncenter size-full wp-image-122\" alt=\"\" src=\"https:\/\/i0.wp.com\/preither-garde.de\/wp-content\/uploads\/2013\/11\/K800_1999-02.jpg?resize=544%2C379&#038;ssl=1\" width=\"544\" height=\"379\" srcset=\"https:\/\/i0.wp.com\/preither-garde.de\/wp-content\/uploads\/2013\/11\/K800_1999-02.jpg?w=860&amp;ssl=1 860w, https:\/\/i0.wp.com\/preither-garde.de\/wp-content\/uploads\/2013\/11\/K800_1999-02.jpg?resize=300%2C209&amp;ssl=1 300w\" sizes=\"auto, (max-width: 544px) 100vw, 544px\" \/><\/p>\n","protected":false},"excerpt":{"rendered":"<p>10. Saison Trainerin: Enhuber Sandra T\u00e4nzerinnen: Bartylla Kerstin Bauer Eva B\u00f6hm Ingrid Fr\u00fchauf Christine K\u00f6nig Claudia K\u00f6nig Michaela Lang Alex Pfaller Gabi Winkler Manuela &nbsp;<\/p>\n","protected":false},"author":1,"featured_media":0,"parent":0,"menu_order":0,"comment_status":"closed","ping_status":"closed","template":"","meta":{"ngg_post_thumbnail":0,"footnotes":""},"class_list":["post-172","page","type-page","status-publish","hentry"],"jetpack_sharing_enabled":true,"jetpack_shortlink":"https:\/\/wp.me\/P7LSHa-2M","jetpack_likes_enabled":true,"jetpack-related-posts":[],"_links":{"self":[{"href":"https:\/\/preither-garde.de\/index.php?rest_route=\/wp\/v2\/pages\/172","targetHints":{"allow":["GET"]}}],"collection":[{"href":"https:\/\/preither-garde.de\/index.php?rest_route=\/wp\/v2\/pages"}],"about":[{"href":"https:\/\/preither-garde.de\/index.php?rest_route=\/wp\/v2\/types\/page"}],"author":[{"embeddable":true,"href":"https:\/\/preither-garde.de\/index.php?rest_route=\/wp\/v2\/users\/1"}],"replies":[{"embeddable":true,"href":"https:\/\/preither-garde.de\/index.php?rest_route=%2Fwp%2Fv2%2Fcomments&post=172"}],"version-history":[{"count":4,"href":"https:\/\/preither-garde.de\/index.php?rest_route=\/wp\/v2\/pages\/172\/revisions"}],"predecessor-version":[{"id":236,"href":"https:\/\/preither-garde.de\/index.php?rest_route=\/wp\/v2\/pages\/172\/revisions\/236"}],"wp:attachment":[{"href":"https:\/\/preither-garde.de\/index.php?rest_route=%2Fwp%2Fv2%2Fmedia&parent=172"}],"curies":[{"name":"wp","href":"https:\/\/api.w.org\/{rel}","templated":true}]}}