{"id":101,"date":"2013-11-02T17:25:11","date_gmt":"2013-11-02T16:25:11","guid":{"rendered":"http:\/\/preither-garde.de\/?page_id=101"},"modified":"2025-07-04T10:19:46","modified_gmt":"2025-07-04T08:19:46","slug":"elferrat","status":"publish","type":"page","link":"https:\/\/preither-garde.de\/?page_id=101","title":{"rendered":"Elferrat"},"content":{"rendered":"<h3>Des Weiteren gibt es unseren Elferrat, der uns bei den Auftritten stets begleitet und tatkr\u00e4ftig unterst\u00fctzt.<\/h3>\n<p>&nbsp;<\/p>\n<h1 style=\"text-align: center;\"><span style=\"color: #ffffff;\"><a class=\"fasc-button fasc-size-xlarge fasc-type-flat fasc-rounded-medium\" style=\"background-color: #03c4eb; color: #ffffff;\" href=\"https:\/\/preither-garde.de\/?page_id=270\">Elferrat<\/a>&nbsp; <\/span><span style=\"color: #ffffff;\"><a class=\"fasc-button fasc-size-xlarge fasc-type-flat fasc-rounded-medium\" style=\"background-color: #03c4eb; color: #ffffff;\" href=\"https:\/\/preither-garde.de\/?page_id=271\">Zwischeneinlage<\/a>&nbsp; <\/span><span style=\"color: #ffffff;\"><a class=\"fasc-button fasc-size-xlarge fasc-type-flat fasc-rounded-medium\" style=\"background-color: #03c4eb; color: #ffffff;\" href=\"https:\/\/preither-garde.de\/?page_id=272\">Mundschenke<\/a> &nbsp;<\/span><span style=\"color: #ffffff;\"><a class=\"fasc-button fasc-size-xlarge fasc-type-flat fasc-rounded-medium\" style=\"background-color: #03c4eb; color: #ffffff;\" href=\"https:\/\/preither-garde.de\/?page_id=273\">Pr\u00e4sidenten<\/a><\/span><\/h1>\n\n\n<p><\/p>\n","protected":false},"excerpt":{"rendered":"<p>Des Weiteren gibt es unseren Elferrat, der uns bei den Auftritten stets begleitet und tatkr\u00e4ftig unterst\u00fctzt. &nbsp; Elferrat&nbsp; Zwischeneinlage&nbsp; Mundschenke &nbsp;Pr\u00e4sidenten<\/p>\n","protected":false},"author":1,"featured_media":0,"parent":30,"menu_order":2,"comment_status":"closed","ping_status":"closed","template":"","meta":{"ngg_post_thumbnail":0,"footnotes":""},"class_list":["post-101","page","type-page","status-publish","hentry"],"jetpack_sharing_enabled":true,"jetpack_shortlink":"https:\/\/wp.me\/P7LSHa-1D","jetpack_likes_enabled":true,"jetpack-related-posts":[],"_links":{"self":[{"href":"https:\/\/preither-garde.de\/index.php?rest_route=\/wp\/v2\/pages\/101","targetHints":{"allow":["GET"]}}],"collection":[{"href":"https:\/\/preither-garde.de\/index.php?rest_route=\/wp\/v2\/pages"}],"about":[{"href":"https:\/\/preither-garde.de\/index.php?rest_route=\/wp\/v2\/types\/page"}],"author":[{"embeddable":true,"href":"https:\/\/preither-garde.de\/index.php?rest_route=\/wp\/v2\/users\/1"}],"replies":[{"embeddable":true,"href":"https:\/\/preither-garde.de\/index.php?rest_route=%2Fwp%2Fv2%2Fcomments&post=101"}],"version-history":[{"count":13,"href":"https:\/\/preither-garde.de\/index.php?rest_route=\/wp\/v2\/pages\/101\/revisions"}],"predecessor-version":[{"id":3312,"href":"https:\/\/preither-garde.de\/index.php?rest_route=\/wp\/v2\/pages\/101\/revisions\/3312"}],"up":[{"embeddable":true,"href":"https:\/\/preither-garde.de\/index.php?rest_route=\/wp\/v2\/pages\/30"}],"wp:attachment":[{"href":"https:\/\/preither-garde.de\/index.php?rest_route=%2Fwp%2Fv2%2Fmedia&parent=101"}],"curies":[{"name":"wp","href":"https:\/\/api.w.org\/{rel}","templated":true}]}}